{"id":4909,"date":"2019-09-04T10:49:43","date_gmt":"2019-09-04T08:49:43","guid":{"rendered":"https:\/\/hiretail.brugnottogroup.it\/product\/zero-mirror"},"modified":"2026-03-20T12:54:36","modified_gmt":"2026-03-20T11:54:36","slug":"zero-mirror-cadre","status":"publish","type":"product","link":"https:\/\/hiretail.brugnottogroup.it\/fr\/product\/zero-mirror-cadre","title":{"rendered":"Miroir Zero"},"content":{"rendered":"","protected":false},"excerpt":{"rendered":"<p>Miroir mural avec cadre<\/p>\n","protected":false},"featured_media":10023,"comment_status":"closed","ping_status":"closed","template":"","meta":{"content-type":""},"product_brand":[],"product_cat":[483,450,474,471,473],"product_tag":[],"class_list":{"0":"post-4909","1":"product","2":"type-product","3":"status-publish","4":"has-post-thumbnail","6":"product_cat-retail-fr","7":"product_cat-mur","8":"product_cat-miroirs","9":"product_cat-accessoires","10":"product_cat-miroirs-mur","11":"product_shipping_class-299","12":"pa_size-85x205x2","13":"line-ligne-zero","15":"first","16":"instock","17":"purchasable","18":"product-type-variable","19":"has-default-attributes"},"acf":[],"yoast_head":"<!-- This site is optimized with the Yoast SEO plugin v27.3 - https:\/\/yoast.com\/product\/yoast-seo-wordpress\/ -->\n<title>Miroir Zero - Hi Retail<\/title>\n<meta name=\"description\" content=\"Miroir Zero - Un \u00e9l\u00e9ment essentiel pour \u00e9largir visuellement l&#039;espace du magasin, apporter de la luminosit\u00e9 et am\u00e9liorer l&#039;exp\u00e9rience d&#039;achat.\" class=\"yoast-seo-meta-tag\" \/>\n<meta name=\"robots\" content=\"index, follow, max-snippet:-1, max-image-preview:large, max-video-preview:-1\" \/>\n<link rel=\"canonical\" href=\"https:\/\/hiretail.brugnottogroup.it\/fr\/product\/zero-mirror-cadre\" class=\"yoast-seo-meta-tag\" \/>\n<meta property=\"og:locale\" content=\"fr_FR\" class=\"yoast-seo-meta-tag\" \/>\n<meta property=\"og:type\" content=\"article\" class=\"yoast-seo-meta-tag\" \/>\n<meta property=\"og:title\" content=\"Miroir Zero - Hi Retail\" class=\"yoast-seo-meta-tag\" \/>\n<meta property=\"og:description\" content=\"Miroir Zero - Un \u00e9l\u00e9ment essentiel pour \u00e9largir visuellement l&#039;espace du magasin, apporter de la luminosit\u00e9 et am\u00e9liorer l&#039;exp\u00e9rience d&#039;achat.\" class=\"yoast-seo-meta-tag\" \/>\n<meta property=\"og:url\" content=\"https:\/\/hiretail.brugnottogroup.it\/fr\/product\/zero-mirror-cadre\" class=\"yoast-seo-meta-tag\" \/>\n<meta property=\"og:site_name\" content=\"Hi Retail\" class=\"yoast-seo-meta-tag\" \/>\n<meta property=\"article:publisher\" content=\"https:\/\/www.facebook.com\/brugnottohiretail\" class=\"yoast-seo-meta-tag\" \/>\n<meta property=\"article:modified_time\" content=\"2026-03-20T11:54:36+00:00\" class=\"yoast-seo-meta-tag\" \/>\n<meta property=\"og:image\" content=\"https:\/\/hiretail.brugnottogroup.it\/wp-content\/uploads\/2019\/07\/ZEROMRR-A-01.jpg\" class=\"yoast-seo-meta-tag\" \/>\n\t<meta property=\"og:image:width\" content=\"1920\" class=\"yoast-seo-meta-tag\" \/>\n\t<meta property=\"og:image:height\" content=\"1200\" class=\"yoast-seo-meta-tag\" \/>\n\t<meta property=\"og:image:type\" content=\"image\/jpeg\" class=\"yoast-seo-meta-tag\" \/>\n<meta name=\"twitter:card\" content=\"summary_large_image\" class=\"yoast-seo-meta-tag\" \/>\n<meta name=\"twitter:image\" content=\"http:\/\/false\" class=\"yoast-seo-meta-tag\" \/>\n<meta name=\"twitter:label1\" content=\"Dur\u00e9e de lecture estim\u00e9e\" class=\"yoast-seo-meta-tag\" \/>\n\t<meta name=\"twitter:data1\" content=\"1 minute\" class=\"yoast-seo-meta-tag\" \/>\n<script type=\"application\/ld+json\" class=\"yoast-schema-graph\">{\"@context\":\"https:\\\/\\\/schema.org\",\"@graph\":[{\"@type\":\"WebPage\",\"@id\":\"https:\\\/\\\/hiretail.brugnottogroup.it\\\/fr\\\/product\\\/zero-mirror-cadre\",\"url\":\"https:\\\/\\\/hiretail.brugnottogroup.it\\\/fr\\\/product\\\/zero-mirror-cadre\",\"name\":\"Miroir Zero - Hi Retail\",\"isPartOf\":{\"@id\":\"https:\\\/\\\/hiretail.brugnottogroup.it\\\/#website\"},\"primaryImageOfPage\":{\"@id\":\"https:\\\/\\\/hiretail.brugnottogroup.it\\\/fr\\\/product\\\/zero-mirror-cadre#primaryimage\"},\"image\":{\"@id\":\"https:\\\/\\\/hiretail.brugnottogroup.it\\\/fr\\\/product\\\/zero-mirror-cadre#primaryimage\"},\"thumbnailUrl\":\"https:\\\/\\\/hiretail.brugnottogroup.it\\\/wp-content\\\/uploads\\\/2019\\\/07\\\/ZEROMRR-A-01.jpg\",\"datePublished\":\"2019-09-04T08:49:43+00:00\",\"dateModified\":\"2026-03-20T11:54:36+00:00\",\"description\":\"Miroir Zero - Un \u00e9l\u00e9ment essentiel pour \u00e9largir visuellement l'espace du magasin, apporter de la luminosit\u00e9 et am\u00e9liorer l'exp\u00e9rience d'achat.\",\"breadcrumb\":{\"@id\":\"https:\\\/\\\/hiretail.brugnottogroup.it\\\/fr\\\/product\\\/zero-mirror-cadre#breadcrumb\"},\"inLanguage\":\"fr-FR\",\"potentialAction\":[{\"@type\":\"ReadAction\",\"target\":[\"https:\\\/\\\/hiretail.brugnottogroup.it\\\/fr\\\/product\\\/zero-mirror-cadre\"]}]},{\"@type\":\"ImageObject\",\"inLanguage\":\"fr-FR\",\"@id\":\"https:\\\/\\\/hiretail.brugnottogroup.it\\\/fr\\\/product\\\/zero-mirror-cadre#primaryimage\",\"url\":\"https:\\\/\\\/hiretail.brugnottogroup.it\\\/wp-content\\\/uploads\\\/2019\\\/07\\\/ZEROMRR-A-01.jpg\",\"contentUrl\":\"https:\\\/\\\/hiretail.brugnottogroup.it\\\/wp-content\\\/uploads\\\/2019\\\/07\\\/ZEROMRR-A-01.jpg\",\"width\":1920,\"height\":1200},{\"@type\":\"BreadcrumbList\",\"@id\":\"https:\\\/\\\/hiretail.brugnottogroup.it\\\/fr\\\/product\\\/zero-mirror-cadre#breadcrumb\",\"itemListElement\":[{\"@type\":\"ListItem\",\"position\":1,\"name\":\"Home\",\"item\":\"https:\\\/\\\/hiretail.brugnottogroup.it\\\/fr\\\/home\"},{\"@type\":\"ListItem\",\"position\":2,\"name\":\"Shop\",\"item\":\"https:\\\/\\\/hiretail.brugnottogroup.it\\\/shop\"},{\"@type\":\"ListItem\",\"position\":3,\"name\":\"Miroir Zero\"}]},{\"@type\":\"WebSite\",\"@id\":\"https:\\\/\\\/hiretail.brugnottogroup.it\\\/#website\",\"url\":\"https:\\\/\\\/hiretail.brugnottogroup.it\\\/\",\"name\":\"Hi Retail - Brugnotto Group\",\"description\":\"Agencement de magasin personnalis\u00e9\",\"publisher\":{\"@id\":\"https:\\\/\\\/hiretail.brugnottogroup.it\\\/#organization\"},\"potentialAction\":[{\"@type\":\"SearchAction\",\"target\":{\"@type\":\"EntryPoint\",\"urlTemplate\":\"https:\\\/\\\/hiretail.brugnottogroup.it\\\/?s={search_term_string}\"},\"query-input\":{\"@type\":\"PropertyValueSpecification\",\"valueRequired\":true,\"valueName\":\"search_term_string\"}}],\"inLanguage\":\"fr-FR\"},{\"@type\":\"Organization\",\"@id\":\"https:\\\/\\\/hiretail.brugnottogroup.it\\\/#organization\",\"name\":\"Hi Retail - Brugnotto Group\",\"url\":\"https:\\\/\\\/hiretail.brugnottogroup.it\\\/\",\"logo\":{\"@type\":\"ImageObject\",\"inLanguage\":\"fr-FR\",\"@id\":\"https:\\\/\\\/hiretail.brugnottogroup.it\\\/#\\\/schema\\\/logo\\\/image\\\/\",\"url\":\"https:\\\/\\\/hiretail.brugnottogroup.it\\\/wp-content\\\/uploads\\\/2020\\\/10\\\/diamante-retail.png\",\"contentUrl\":\"https:\\\/\\\/hiretail.brugnottogroup.it\\\/wp-content\\\/uploads\\\/2020\\\/10\\\/diamante-retail.png\",\"width\":600,\"height\":600,\"caption\":\"Hi Retail - Brugnotto Group\"},\"image\":{\"@id\":\"https:\\\/\\\/hiretail.brugnottogroup.it\\\/#\\\/schema\\\/logo\\\/image\\\/\"},\"sameAs\":[\"https:\\\/\\\/www.facebook.com\\\/brugnottohiretail\",\"https:\\\/\\\/www.instagram.com\\\/hiretail_brugnotto\\\/\",\"https:\\\/\\\/www.linkedin.com\\\/showcase\\\/hiretail\",\"https:\\\/\\\/www.youtube.com\\\/channel\\\/UCbrpwQiPdUxRSgNX3zE7Hag\"]}]}<\/script>\n<!-- \/ Yoast SEO plugin. -->","yoast_head_json":{"title":"Miroir Zero - Hi Retail","description":"Miroir Zero - Un \u00e9l\u00e9ment essentiel pour \u00e9largir visuellement l'espace du magasin, apporter de la luminosit\u00e9 et am\u00e9liorer l'exp\u00e9rience d'achat.","robots":{"index":"index","follow":"follow","max-snippet":"max-snippet:-1","max-image-preview":"max-image-preview:large","max-video-preview":"max-video-preview:-1"},"canonical":"https:\/\/hiretail.brugnottogroup.it\/fr\/product\/zero-mirror-cadre","og_locale":"fr_FR","og_type":"article","og_title":"Miroir Zero - Hi Retail","og_description":"Miroir Zero - Un \u00e9l\u00e9ment essentiel pour \u00e9largir visuellement l'espace du magasin, apporter de la luminosit\u00e9 et am\u00e9liorer l'exp\u00e9rience d'achat.","og_url":"https:\/\/hiretail.brugnottogroup.it\/fr\/product\/zero-mirror-cadre","og_site_name":"Hi Retail","article_publisher":"https:\/\/www.facebook.com\/brugnottohiretail","article_modified_time":"2026-03-20T11:54:36+00:00","og_image":[{"width":1920,"height":1200,"url":"https:\/\/hiretail.brugnottogroup.it\/wp-content\/uploads\/2019\/07\/ZEROMRR-A-01.jpg","type":"image\/jpeg"}],"twitter_card":"summary_large_image","twitter_image":"false","twitter_misc":{"Dur\u00e9e de lecture estim\u00e9e":"1 minute"},"schema":{"@context":"https:\/\/schema.org","@graph":[{"@type":"WebPage","@id":"https:\/\/hiretail.brugnottogroup.it\/fr\/product\/zero-mirror-cadre","url":"https:\/\/hiretail.brugnottogroup.it\/fr\/product\/zero-mirror-cadre","name":"Miroir Zero - Hi Retail","isPartOf":{"@id":"https:\/\/hiretail.brugnottogroup.it\/#website"},"primaryImageOfPage":{"@id":"https:\/\/hiretail.brugnottogroup.it\/fr\/product\/zero-mirror-cadre#primaryimage"},"image":{"@id":"https:\/\/hiretail.brugnottogroup.it\/fr\/product\/zero-mirror-cadre#primaryimage"},"thumbnailUrl":"https:\/\/hiretail.brugnottogroup.it\/wp-content\/uploads\/2019\/07\/ZEROMRR-A-01.jpg","datePublished":"2019-09-04T08:49:43+00:00","dateModified":"2026-03-20T11:54:36+00:00","description":"Miroir Zero - Un \u00e9l\u00e9ment essentiel pour \u00e9largir visuellement l'espace du magasin, apporter de la luminosit\u00e9 et am\u00e9liorer l'exp\u00e9rience d'achat.","breadcrumb":{"@id":"https:\/\/hiretail.brugnottogroup.it\/fr\/product\/zero-mirror-cadre#breadcrumb"},"inLanguage":"fr-FR","potentialAction":[{"@type":"ReadAction","target":["https:\/\/hiretail.brugnottogroup.it\/fr\/product\/zero-mirror-cadre"]}]},{"@type":"ImageObject","inLanguage":"fr-FR","@id":"https:\/\/hiretail.brugnottogroup.it\/fr\/product\/zero-mirror-cadre#primaryimage","url":"https:\/\/hiretail.brugnottogroup.it\/wp-content\/uploads\/2019\/07\/ZEROMRR-A-01.jpg","contentUrl":"https:\/\/hiretail.brugnottogroup.it\/wp-content\/uploads\/2019\/07\/ZEROMRR-A-01.jpg","width":1920,"height":1200},{"@type":"BreadcrumbList","@id":"https:\/\/hiretail.brugnottogroup.it\/fr\/product\/zero-mirror-cadre#breadcrumb","itemListElement":[{"@type":"ListItem","position":1,"name":"Home","item":"https:\/\/hiretail.brugnottogroup.it\/fr\/home"},{"@type":"ListItem","position":2,"name":"Shop","item":"https:\/\/hiretail.brugnottogroup.it\/shop"},{"@type":"ListItem","position":3,"name":"Miroir Zero"}]},{"@type":"WebSite","@id":"https:\/\/hiretail.brugnottogroup.it\/#website","url":"https:\/\/hiretail.brugnottogroup.it\/","name":"Hi Retail - Brugnotto Group","description":"Agencement de magasin personnalis\u00e9","publisher":{"@id":"https:\/\/hiretail.brugnottogroup.it\/#organization"},"potentialAction":[{"@type":"SearchAction","target":{"@type":"EntryPoint","urlTemplate":"https:\/\/hiretail.brugnottogroup.it\/?s={search_term_string}"},"query-input":{"@type":"PropertyValueSpecification","valueRequired":true,"valueName":"search_term_string"}}],"inLanguage":"fr-FR"},{"@type":"Organization","@id":"https:\/\/hiretail.brugnottogroup.it\/#organization","name":"Hi Retail - Brugnotto Group","url":"https:\/\/hiretail.brugnottogroup.it\/","logo":{"@type":"ImageObject","inLanguage":"fr-FR","@id":"https:\/\/hiretail.brugnottogroup.it\/#\/schema\/logo\/image\/","url":"https:\/\/hiretail.brugnottogroup.it\/wp-content\/uploads\/2020\/10\/diamante-retail.png","contentUrl":"https:\/\/hiretail.brugnottogroup.it\/wp-content\/uploads\/2020\/10\/diamante-retail.png","width":600,"height":600,"caption":"Hi Retail - Brugnotto Group"},"image":{"@id":"https:\/\/hiretail.brugnottogroup.it\/#\/schema\/logo\/image\/"},"sameAs":["https:\/\/www.facebook.com\/brugnottohiretail","https:\/\/www.instagram.com\/hiretail_brugnotto\/","https:\/\/www.linkedin.com\/showcase\/hiretail","https:\/\/www.youtube.com\/channel\/UCbrpwQiPdUxRSgNX3zE7Hag"]}]}},"_links":{"self":[{"href":"https:\/\/hiretail.brugnottogroup.it\/fr\/wp-json\/wp\/v2\/product\/4909","targetHints":{"allow":["GET"]}}],"collection":[{"href":"https:\/\/hiretail.brugnottogroup.it\/fr\/wp-json\/wp\/v2\/product"}],"about":[{"href":"https:\/\/hiretail.brugnottogroup.it\/fr\/wp-json\/wp\/v2\/types\/product"}],"replies":[{"embeddable":true,"href":"https:\/\/hiretail.brugnottogroup.it\/fr\/wp-json\/wp\/v2\/comments?post=4909"}],"version-history":[{"count":4,"href":"https:\/\/hiretail.brugnottogroup.it\/fr\/wp-json\/wp\/v2\/product\/4909\/revisions"}],"predecessor-version":[{"id":155836,"href":"https:\/\/hiretail.brugnottogroup.it\/fr\/wp-json\/wp\/v2\/product\/4909\/revisions\/155836"}],"wp:featuredmedia":[{"embeddable":true,"href":"https:\/\/hiretail.brugnottogroup.it\/fr\/wp-json\/wp\/v2\/media\/10023"}],"wp:attachment":[{"href":"https:\/\/hiretail.brugnottogroup.it\/fr\/wp-json\/wp\/v2\/media?parent=4909"}],"wp:term":[{"taxonomy":"product_brand","embeddable":true,"href":"https:\/\/hiretail.brugnottogroup.it\/fr\/wp-json\/wp\/v2\/product_brand?post=4909"},{"taxonomy":"product_cat","embeddable":true,"href":"https:\/\/hiretail.brugnottogroup.it\/fr\/wp-json\/wp\/v2\/product_cat?post=4909"},{"taxonomy":"product_tag","embeddable":true,"href":"https:\/\/hiretail.brugnottogroup.it\/fr\/wp-json\/wp\/v2\/product_tag?post=4909"}],"curies":[{"name":"wp","href":"https:\/\/api.w.org\/{rel}","templated":true}]}}