{"id":3743,"date":"2018-08-31T11:47:17","date_gmt":"2018-08-31T09:47:17","guid":{"rendered":"https:\/\/hiretail.brugnottogroup.it\/product\/mensola-monolith-con-appenderia"},"modified":"2025-09-29T12:16:10","modified_gmt":"2025-09-29T10:16:10","slug":"mensola-monolith-con-appenderia","status":"publish","type":"product","link":"https:\/\/hiretail.brugnottogroup.it\/fr\/product\/mensola-monolith-con-appenderia","title":{"rendered":"\u00c9tag\u00e8re Quattro avec penderie"},"content":{"rendered":"<p>Etag\u00e8re avec avec barre portant et \u00e9clairage LED inf\u00e9rieur (optionnel).<\/p>\n","protected":false},"excerpt":{"rendered":"<p>\u00c9tag\u00e8re murale avec LED int\u00e9grable<\/p>\n","protected":false},"featured_media":152321,"comment_status":"closed","ping_status":"closed","template":"","meta":{"content-type":""},"product_brand":[],"product_cat":[483,450,452,459,457],"product_tag":[],"class_list":{"0":"post-3743","1":"product","2":"type-product","3":"status-publish","4":"has-post-thumbnail","6":"product_cat-retail-fr","7":"product_cat-mur","8":"product_cat-elements-de-paroi","9":"product_cat-pieds-de-mur","10":"product_cat-supports-fixes","11":"line-ligne-4","13":"first","14":"instock","15":"purchasable","16":"product-type-variable","17":"has-default-attributes"},"acf":[],"yoast_head":"<!-- This site is optimized with the Yoast SEO plugin v27.3 - https:\/\/yoast.com\/product\/yoast-seo-wordpress\/ -->\n<title>\u00c9tag\u00e8re Quattro avec penderie - Hi Retail<\/title>\n<meta name=\"description\" content=\"\u00c9tag\u00e8re Quattro avec penderie Ligne 4 \u00c9tag\u00e8re murale avec LED int\u00e9grable\" class=\"yoast-seo-meta-tag\" \/>\n<meta name=\"robots\" content=\"index, follow, max-snippet:-1, max-image-preview:large, max-video-preview:-1\" \/>\n<link rel=\"canonical\" href=\"https:\/\/hiretail.brugnottogroup.it\/fr\/product\/mensola-monolith-con-appenderia\" class=\"yoast-seo-meta-tag\" \/>\n<meta property=\"og:locale\" content=\"fr_FR\" class=\"yoast-seo-meta-tag\" \/>\n<meta property=\"og:type\" content=\"article\" class=\"yoast-seo-meta-tag\" \/>\n<meta property=\"og:title\" content=\"\u00c9tag\u00e8re Quattro avec penderie - Hi Retail\" class=\"yoast-seo-meta-tag\" \/>\n<meta property=\"og:description\" content=\"\u00c9tag\u00e8re Quattro avec penderie Ligne 4 \u00c9tag\u00e8re murale avec LED int\u00e9grable\" class=\"yoast-seo-meta-tag\" \/>\n<meta property=\"og:url\" content=\"https:\/\/hiretail.brugnottogroup.it\/fr\/product\/mensola-monolith-con-appenderia\" class=\"yoast-seo-meta-tag\" \/>\n<meta property=\"og:site_name\" content=\"Hi Retail\" class=\"yoast-seo-meta-tag\" \/>\n<meta property=\"article:publisher\" content=\"https:\/\/www.facebook.com\/brugnottohiretail\" class=\"yoast-seo-meta-tag\" \/>\n<meta property=\"article:modified_time\" content=\"2025-09-29T10:16:10+00:00\" class=\"yoast-seo-meta-tag\" \/>\n<meta property=\"og:image\" content=\"https:\/\/hiretail.brugnottogroup.it\/wp-content\/uploads\/2025\/09\/copertina_E-4MEA-2.jpg\" class=\"yoast-seo-meta-tag\" \/>\n\t<meta property=\"og:image:width\" content=\"550\" class=\"yoast-seo-meta-tag\" \/>\n\t<meta property=\"og:image:height\" content=\"550\" class=\"yoast-seo-meta-tag\" \/>\n\t<meta property=\"og:image:type\" content=\"image\/jpeg\" class=\"yoast-seo-meta-tag\" \/>\n<meta name=\"twitter:card\" content=\"summary_large_image\" class=\"yoast-seo-meta-tag\" \/>\n<meta name=\"twitter:label1\" content=\"Dur\u00e9e de lecture estim\u00e9e\" class=\"yoast-seo-meta-tag\" \/>\n\t<meta name=\"twitter:data1\" content=\"1 minute\" class=\"yoast-seo-meta-tag\" \/>\n<script type=\"application\/ld+json\" class=\"yoast-schema-graph\">{\"@context\":\"https:\\\/\\\/schema.org\",\"@graph\":[{\"@type\":\"WebPage\",\"@id\":\"https:\\\/\\\/hiretail.brugnottogroup.it\\\/fr\\\/product\\\/mensola-monolith-con-appenderia\",\"url\":\"https:\\\/\\\/hiretail.brugnottogroup.it\\\/fr\\\/product\\\/mensola-monolith-con-appenderia\",\"name\":\"\u00c9tag\u00e8re Quattro avec penderie - Hi Retail\",\"isPartOf\":{\"@id\":\"https:\\\/\\\/hiretail.brugnottogroup.it\\\/#website\"},\"primaryImageOfPage\":{\"@id\":\"https:\\\/\\\/hiretail.brugnottogroup.it\\\/fr\\\/product\\\/mensola-monolith-con-appenderia#primaryimage\"},\"image\":{\"@id\":\"https:\\\/\\\/hiretail.brugnottogroup.it\\\/fr\\\/product\\\/mensola-monolith-con-appenderia#primaryimage\"},\"thumbnailUrl\":\"https:\\\/\\\/hiretail.brugnottogroup.it\\\/wp-content\\\/uploads\\\/2025\\\/09\\\/copertina_E-4MEA-2.jpg\",\"datePublished\":\"2018-08-31T09:47:17+00:00\",\"dateModified\":\"2025-09-29T10:16:10+00:00\",\"description\":\"\u00c9tag\u00e8re Quattro avec penderie Ligne 4 \u00c9tag\u00e8re murale avec LED int\u00e9grable\",\"breadcrumb\":{\"@id\":\"https:\\\/\\\/hiretail.brugnottogroup.it\\\/fr\\\/product\\\/mensola-monolith-con-appenderia#breadcrumb\"},\"inLanguage\":\"fr-FR\",\"potentialAction\":[{\"@type\":\"ReadAction\",\"target\":[\"https:\\\/\\\/hiretail.brugnottogroup.it\\\/fr\\\/product\\\/mensola-monolith-con-appenderia\"]}]},{\"@type\":\"ImageObject\",\"inLanguage\":\"fr-FR\",\"@id\":\"https:\\\/\\\/hiretail.brugnottogroup.it\\\/fr\\\/product\\\/mensola-monolith-con-appenderia#primaryimage\",\"url\":\"https:\\\/\\\/hiretail.brugnottogroup.it\\\/wp-content\\\/uploads\\\/2025\\\/09\\\/copertina_E-4MEA-2.jpg\",\"contentUrl\":\"https:\\\/\\\/hiretail.brugnottogroup.it\\\/wp-content\\\/uploads\\\/2025\\\/09\\\/copertina_E-4MEA-2.jpg\",\"width\":550,\"height\":550},{\"@type\":\"BreadcrumbList\",\"@id\":\"https:\\\/\\\/hiretail.brugnottogroup.it\\\/fr\\\/product\\\/mensola-monolith-con-appenderia#breadcrumb\",\"itemListElement\":[{\"@type\":\"ListItem\",\"position\":1,\"name\":\"Home\",\"item\":\"https:\\\/\\\/hiretail.brugnottogroup.it\\\/fr\\\/home\"},{\"@type\":\"ListItem\",\"position\":2,\"name\":\"Shop\",\"item\":\"https:\\\/\\\/hiretail.brugnottogroup.it\\\/shop\"},{\"@type\":\"ListItem\",\"position\":3,\"name\":\"\u00c9tag\u00e8re Quattro avec penderie\"}]},{\"@type\":\"WebSite\",\"@id\":\"https:\\\/\\\/hiretail.brugnottogroup.it\\\/#website\",\"url\":\"https:\\\/\\\/hiretail.brugnottogroup.it\\\/\",\"name\":\"Hi Retail - Brugnotto Group\",\"description\":\"Agencement de magasin personnalis\u00e9\",\"publisher\":{\"@id\":\"https:\\\/\\\/hiretail.brugnottogroup.it\\\/#organization\"},\"potentialAction\":[{\"@type\":\"SearchAction\",\"target\":{\"@type\":\"EntryPoint\",\"urlTemplate\":\"https:\\\/\\\/hiretail.brugnottogroup.it\\\/?s={search_term_string}\"},\"query-input\":{\"@type\":\"PropertyValueSpecification\",\"valueRequired\":true,\"valueName\":\"search_term_string\"}}],\"inLanguage\":\"fr-FR\"},{\"@type\":\"Organization\",\"@id\":\"https:\\\/\\\/hiretail.brugnottogroup.it\\\/#organization\",\"name\":\"Hi Retail - Brugnotto Group\",\"url\":\"https:\\\/\\\/hiretail.brugnottogroup.it\\\/\",\"logo\":{\"@type\":\"ImageObject\",\"inLanguage\":\"fr-FR\",\"@id\":\"https:\\\/\\\/hiretail.brugnottogroup.it\\\/#\\\/schema\\\/logo\\\/image\\\/\",\"url\":\"https:\\\/\\\/hiretail.brugnottogroup.it\\\/wp-content\\\/uploads\\\/2020\\\/10\\\/diamante-retail.png\",\"contentUrl\":\"https:\\\/\\\/hiretail.brugnottogroup.it\\\/wp-content\\\/uploads\\\/2020\\\/10\\\/diamante-retail.png\",\"width\":600,\"height\":600,\"caption\":\"Hi Retail - Brugnotto Group\"},\"image\":{\"@id\":\"https:\\\/\\\/hiretail.brugnottogroup.it\\\/#\\\/schema\\\/logo\\\/image\\\/\"},\"sameAs\":[\"https:\\\/\\\/www.facebook.com\\\/brugnottohiretail\",\"https:\\\/\\\/www.instagram.com\\\/hiretail_brugnotto\\\/\",\"https:\\\/\\\/www.linkedin.com\\\/showcase\\\/hiretail\",\"https:\\\/\\\/www.youtube.com\\\/channel\\\/UCbrpwQiPdUxRSgNX3zE7Hag\"]}]}<\/script>\n<!-- \/ Yoast SEO plugin. -->","yoast_head_json":{"title":"\u00c9tag\u00e8re Quattro avec penderie - Hi Retail","description":"\u00c9tag\u00e8re Quattro avec penderie Ligne 4 \u00c9tag\u00e8re murale avec LED int\u00e9grable","robots":{"index":"index","follow":"follow","max-snippet":"max-snippet:-1","max-image-preview":"max-image-preview:large","max-video-preview":"max-video-preview:-1"},"canonical":"https:\/\/hiretail.brugnottogroup.it\/fr\/product\/mensola-monolith-con-appenderia","og_locale":"fr_FR","og_type":"article","og_title":"\u00c9tag\u00e8re Quattro avec penderie - Hi Retail","og_description":"\u00c9tag\u00e8re Quattro avec penderie Ligne 4 \u00c9tag\u00e8re murale avec LED int\u00e9grable","og_url":"https:\/\/hiretail.brugnottogroup.it\/fr\/product\/mensola-monolith-con-appenderia","og_site_name":"Hi Retail","article_publisher":"https:\/\/www.facebook.com\/brugnottohiretail","article_modified_time":"2025-09-29T10:16:10+00:00","og_image":[{"width":550,"height":550,"url":"https:\/\/hiretail.brugnottogroup.it\/wp-content\/uploads\/2025\/09\/copertina_E-4MEA-2.jpg","type":"image\/jpeg"}],"twitter_card":"summary_large_image","twitter_misc":{"Dur\u00e9e de lecture estim\u00e9e":"1 minute"},"schema":{"@context":"https:\/\/schema.org","@graph":[{"@type":"WebPage","@id":"https:\/\/hiretail.brugnottogroup.it\/fr\/product\/mensola-monolith-con-appenderia","url":"https:\/\/hiretail.brugnottogroup.it\/fr\/product\/mensola-monolith-con-appenderia","name":"\u00c9tag\u00e8re Quattro avec penderie - Hi Retail","isPartOf":{"@id":"https:\/\/hiretail.brugnottogroup.it\/#website"},"primaryImageOfPage":{"@id":"https:\/\/hiretail.brugnottogroup.it\/fr\/product\/mensola-monolith-con-appenderia#primaryimage"},"image":{"@id":"https:\/\/hiretail.brugnottogroup.it\/fr\/product\/mensola-monolith-con-appenderia#primaryimage"},"thumbnailUrl":"https:\/\/hiretail.brugnottogroup.it\/wp-content\/uploads\/2025\/09\/copertina_E-4MEA-2.jpg","datePublished":"2018-08-31T09:47:17+00:00","dateModified":"2025-09-29T10:16:10+00:00","description":"\u00c9tag\u00e8re Quattro avec penderie Ligne 4 \u00c9tag\u00e8re murale avec LED int\u00e9grable","breadcrumb":{"@id":"https:\/\/hiretail.brugnottogroup.it\/fr\/product\/mensola-monolith-con-appenderia#breadcrumb"},"inLanguage":"fr-FR","potentialAction":[{"@type":"ReadAction","target":["https:\/\/hiretail.brugnottogroup.it\/fr\/product\/mensola-monolith-con-appenderia"]}]},{"@type":"ImageObject","inLanguage":"fr-FR","@id":"https:\/\/hiretail.brugnottogroup.it\/fr\/product\/mensola-monolith-con-appenderia#primaryimage","url":"https:\/\/hiretail.brugnottogroup.it\/wp-content\/uploads\/2025\/09\/copertina_E-4MEA-2.jpg","contentUrl":"https:\/\/hiretail.brugnottogroup.it\/wp-content\/uploads\/2025\/09\/copertina_E-4MEA-2.jpg","width":550,"height":550},{"@type":"BreadcrumbList","@id":"https:\/\/hiretail.brugnottogroup.it\/fr\/product\/mensola-monolith-con-appenderia#breadcrumb","itemListElement":[{"@type":"ListItem","position":1,"name":"Home","item":"https:\/\/hiretail.brugnottogroup.it\/fr\/home"},{"@type":"ListItem","position":2,"name":"Shop","item":"https:\/\/hiretail.brugnottogroup.it\/shop"},{"@type":"ListItem","position":3,"name":"\u00c9tag\u00e8re Quattro avec penderie"}]},{"@type":"WebSite","@id":"https:\/\/hiretail.brugnottogroup.it\/#website","url":"https:\/\/hiretail.brugnottogroup.it\/","name":"Hi Retail - Brugnotto Group","description":"Agencement de magasin personnalis\u00e9","publisher":{"@id":"https:\/\/hiretail.brugnottogroup.it\/#organization"},"potentialAction":[{"@type":"SearchAction","target":{"@type":"EntryPoint","urlTemplate":"https:\/\/hiretail.brugnottogroup.it\/?s={search_term_string}"},"query-input":{"@type":"PropertyValueSpecification","valueRequired":true,"valueName":"search_term_string"}}],"inLanguage":"fr-FR"},{"@type":"Organization","@id":"https:\/\/hiretail.brugnottogroup.it\/#organization","name":"Hi Retail - Brugnotto Group","url":"https:\/\/hiretail.brugnottogroup.it\/","logo":{"@type":"ImageObject","inLanguage":"fr-FR","@id":"https:\/\/hiretail.brugnottogroup.it\/#\/schema\/logo\/image\/","url":"https:\/\/hiretail.brugnottogroup.it\/wp-content\/uploads\/2020\/10\/diamante-retail.png","contentUrl":"https:\/\/hiretail.brugnottogroup.it\/wp-content\/uploads\/2020\/10\/diamante-retail.png","width":600,"height":600,"caption":"Hi Retail - Brugnotto Group"},"image":{"@id":"https:\/\/hiretail.brugnottogroup.it\/#\/schema\/logo\/image\/"},"sameAs":["https:\/\/www.facebook.com\/brugnottohiretail","https:\/\/www.instagram.com\/hiretail_brugnotto\/","https:\/\/www.linkedin.com\/showcase\/hiretail","https:\/\/www.youtube.com\/channel\/UCbrpwQiPdUxRSgNX3zE7Hag"]}]}},"_links":{"self":[{"href":"https:\/\/hiretail.brugnottogroup.it\/fr\/wp-json\/wp\/v2\/product\/3743","targetHints":{"allow":["GET"]}}],"collection":[{"href":"https:\/\/hiretail.brugnottogroup.it\/fr\/wp-json\/wp\/v2\/product"}],"about":[{"href":"https:\/\/hiretail.brugnottogroup.it\/fr\/wp-json\/wp\/v2\/types\/product"}],"replies":[{"embeddable":true,"href":"https:\/\/hiretail.brugnottogroup.it\/fr\/wp-json\/wp\/v2\/comments?post=3743"}],"version-history":[{"count":3,"href":"https:\/\/hiretail.brugnottogroup.it\/fr\/wp-json\/wp\/v2\/product\/3743\/revisions"}],"predecessor-version":[{"id":152345,"href":"https:\/\/hiretail.brugnottogroup.it\/fr\/wp-json\/wp\/v2\/product\/3743\/revisions\/152345"}],"wp:featuredmedia":[{"embeddable":true,"href":"https:\/\/hiretail.brugnottogroup.it\/fr\/wp-json\/wp\/v2\/media\/152321"}],"wp:attachment":[{"href":"https:\/\/hiretail.brugnottogroup.it\/fr\/wp-json\/wp\/v2\/media?parent=3743"}],"wp:term":[{"taxonomy":"product_brand","embeddable":true,"href":"https:\/\/hiretail.brugnottogroup.it\/fr\/wp-json\/wp\/v2\/product_brand?post=3743"},{"taxonomy":"product_cat","embeddable":true,"href":"https:\/\/hiretail.brugnottogroup.it\/fr\/wp-json\/wp\/v2\/product_cat?post=3743"},{"taxonomy":"product_tag","embeddable":true,"href":"https:\/\/hiretail.brugnottogroup.it\/fr\/wp-json\/wp\/v2\/product_tag?post=3743"}],"curies":[{"name":"wp","href":"https:\/\/api.w.org\/{rel}","templated":true}]}}