{"id":3738,"date":"2018-09-04T18:02:02","date_gmt":"2018-09-04T16:02:02","guid":{"rendered":"https:\/\/hiretail.brugnottogroup.it\/product\/elemento-a-parete-sei-6pa2"},"modified":"2021-03-19T17:30:46","modified_gmt":"2021-03-19T16:30:46","slug":"elemento-a-parete-sei-6pa2","status":"publish","type":"product","link":"https:\/\/hiretail.brugnottogroup.it\/fr\/product\/elemento-a-parete-sei-6pa2","title":{"rendered":"Portant mural Six"},"content":{"rendered":"<p>\u00c9l\u00e9ment mural avec \u00e9clairage LED optionnel. Structure en m\u00e9lamin\u00e9 laqu\u00e9. Barre de penderie avec \u00e9clairage LED optionnel. \u00c9tag\u00e8re en verre.<\/p>\n","protected":false},"excerpt":{"rendered":"<p>\u00c9l\u00e9ment mural avec barre de penderie et \u00e9tag\u00e8re<\/p>\n","protected":false},"featured_media":3739,"comment_status":"closed","ping_status":"closed","template":"","meta":{"content-type":""},"product_brand":[],"product_cat":[483,450,452],"product_tag":[],"class_list":{"0":"post-3738","1":"product","2":"type-product","3":"status-publish","4":"has-post-thumbnail","6":"product_cat-retail-fr","7":"product_cat-mur","8":"product_cat-elements-de-paroi","9":"line-ligne-6","11":"first","12":"instock","13":"purchasable","14":"product-type-variable","15":"has-default-attributes"},"acf":[],"yoast_head":"<!-- This site is optimized with the Yoast SEO plugin v27.2 - https:\/\/yoast.com\/product\/yoast-seo-wordpress\/ -->\n<title>Portant mural Six - Hi Retail<\/title>\n<meta name=\"description\" content=\"Portant mural Six Ligne 6 \u00c9l\u00e9ment mural avec barre de penderie et \u00e9tag\u00e8re\" class=\"yoast-seo-meta-tag\" \/>\n<meta name=\"robots\" content=\"index, follow, max-snippet:-1, max-image-preview:large, max-video-preview:-1\" \/>\n<link rel=\"canonical\" href=\"https:\/\/hiretail.brugnottogroup.it\/fr\/product\/elemento-a-parete-sei-6pa2\" class=\"yoast-seo-meta-tag\" \/>\n<meta property=\"og:locale\" content=\"fr_FR\" class=\"yoast-seo-meta-tag\" \/>\n<meta property=\"og:type\" content=\"article\" class=\"yoast-seo-meta-tag\" \/>\n<meta property=\"og:title\" content=\"Portant mural Six - Hi Retail\" class=\"yoast-seo-meta-tag\" \/>\n<meta property=\"og:description\" content=\"Portant mural Six Ligne 6 \u00c9l\u00e9ment mural avec barre de penderie et \u00e9tag\u00e8re\" class=\"yoast-seo-meta-tag\" \/>\n<meta property=\"og:url\" content=\"https:\/\/hiretail.brugnottogroup.it\/fr\/product\/elemento-a-parete-sei-6pa2\" class=\"yoast-seo-meta-tag\" \/>\n<meta property=\"og:site_name\" content=\"Hi Retail\" class=\"yoast-seo-meta-tag\" \/>\n<meta property=\"article:publisher\" content=\"https:\/\/www.facebook.com\/brugnottohiretail\" class=\"yoast-seo-meta-tag\" \/>\n<meta property=\"article:modified_time\" content=\"2021-03-19T16:30:46+00:00\" class=\"yoast-seo-meta-tag\" \/>\n<meta property=\"og:image\" content=\"https:\/\/hiretail.brugnottogroup.it\/wp-content\/uploads\/2018\/09\/6PA2-A-01.jpg\" class=\"yoast-seo-meta-tag\" \/>\n\t<meta property=\"og:image:width\" content=\"1920\" class=\"yoast-seo-meta-tag\" \/>\n\t<meta property=\"og:image:height\" content=\"1200\" class=\"yoast-seo-meta-tag\" \/>\n\t<meta property=\"og:image:type\" content=\"image\/jpeg\" class=\"yoast-seo-meta-tag\" \/>\n<meta name=\"twitter:card\" content=\"summary_large_image\" class=\"yoast-seo-meta-tag\" \/>\n<script type=\"application\/ld+json\" class=\"yoast-schema-graph\">{\"@context\":\"https:\/\/schema.org\",\"@graph\":[{\"@type\":\"WebPage\",\"@id\":\"https:\/\/hiretail.brugnottogroup.it\/fr\/product\/elemento-a-parete-sei-6pa2\",\"url\":\"https:\/\/hiretail.brugnottogroup.it\/fr\/product\/elemento-a-parete-sei-6pa2\",\"name\":\"Portant mural Six - Hi Retail\",\"isPartOf\":{\"@id\":\"https:\/\/hiretail.brugnottogroup.it\/#website\"},\"primaryImageOfPage\":{\"@id\":\"https:\/\/hiretail.brugnottogroup.it\/fr\/product\/elemento-a-parete-sei-6pa2#primaryimage\"},\"image\":{\"@id\":\"https:\/\/hiretail.brugnottogroup.it\/fr\/product\/elemento-a-parete-sei-6pa2#primaryimage\"},\"thumbnailUrl\":\"https:\/\/hiretail.brugnottogroup.it\/wp-content\/uploads\/2018\/09\/6PA2-A-01.jpg\",\"datePublished\":\"2018-09-04T16:02:02+00:00\",\"dateModified\":\"2021-03-19T16:30:46+00:00\",\"description\":\"Portant mural Six Ligne 6 \u00c9l\u00e9ment mural avec barre de penderie et \u00e9tag\u00e8re\",\"breadcrumb\":{\"@id\":\"https:\/\/hiretail.brugnottogroup.it\/fr\/product\/elemento-a-parete-sei-6pa2#breadcrumb\"},\"inLanguage\":\"fr-FR\",\"potentialAction\":[{\"@type\":\"ReadAction\",\"target\":[\"https:\/\/hiretail.brugnottogroup.it\/fr\/product\/elemento-a-parete-sei-6pa2\"]}]},{\"@type\":\"ImageObject\",\"inLanguage\":\"fr-FR\",\"@id\":\"https:\/\/hiretail.brugnottogroup.it\/fr\/product\/elemento-a-parete-sei-6pa2#primaryimage\",\"url\":\"https:\/\/hiretail.brugnottogroup.it\/wp-content\/uploads\/2018\/09\/6PA2-A-01.jpg\",\"contentUrl\":\"https:\/\/hiretail.brugnottogroup.it\/wp-content\/uploads\/2018\/09\/6PA2-A-01.jpg\",\"width\":1920,\"height\":1200},{\"@type\":\"BreadcrumbList\",\"@id\":\"https:\/\/hiretail.brugnottogroup.it\/fr\/product\/elemento-a-parete-sei-6pa2#breadcrumb\",\"itemListElement\":[{\"@type\":\"ListItem\",\"position\":1,\"name\":\"Home\",\"item\":\"https:\/\/hiretail.brugnottogroup.it\/fr\/home\"},{\"@type\":\"ListItem\",\"position\":2,\"name\":\"Shop\",\"item\":\"https:\/\/hiretail.brugnottogroup.it\/shop\"},{\"@type\":\"ListItem\",\"position\":3,\"name\":\"Portant mural Six\"}]},{\"@type\":\"WebSite\",\"@id\":\"https:\/\/hiretail.brugnottogroup.it\/#website\",\"url\":\"https:\/\/hiretail.brugnottogroup.it\/\",\"name\":\"Hi Retail - Brugnotto Group\",\"description\":\"Agencement de magasin personnalis\u00e9\",\"publisher\":{\"@id\":\"https:\/\/hiretail.brugnottogroup.it\/#organization\"},\"potentialAction\":[{\"@type\":\"SearchAction\",\"target\":{\"@type\":\"EntryPoint\",\"urlTemplate\":\"https:\/\/hiretail.brugnottogroup.it\/?s={search_term_string}\"},\"query-input\":{\"@type\":\"PropertyValueSpecification\",\"valueRequired\":true,\"valueName\":\"search_term_string\"}}],\"inLanguage\":\"fr-FR\"},{\"@type\":\"Organization\",\"@id\":\"https:\/\/hiretail.brugnottogroup.it\/#organization\",\"name\":\"Hi Retail - Brugnotto Group\",\"url\":\"https:\/\/hiretail.brugnottogroup.it\/\",\"logo\":{\"@type\":\"ImageObject\",\"inLanguage\":\"fr-FR\",\"@id\":\"https:\/\/hiretail.brugnottogroup.it\/#\/schema\/logo\/image\/\",\"url\":\"https:\/\/hiretail.brugnottogroup.it\/wp-content\/uploads\/2020\/10\/diamante-retail.png\",\"contentUrl\":\"https:\/\/hiretail.brugnottogroup.it\/wp-content\/uploads\/2020\/10\/diamante-retail.png\",\"width\":600,\"height\":600,\"caption\":\"Hi Retail - Brugnotto Group\"},\"image\":{\"@id\":\"https:\/\/hiretail.brugnottogroup.it\/#\/schema\/logo\/image\/\"},\"sameAs\":[\"https:\/\/www.facebook.com\/brugnottohiretail\",\"https:\/\/www.instagram.com\/hiretail_brugnotto\/\",\"https:\/\/www.linkedin.com\/showcase\/hiretail\",\"https:\/\/www.youtube.com\/channel\/UCbrpwQiPdUxRSgNX3zE7Hag\"]}]}<\/script>\n<!-- \/ Yoast SEO plugin. -->","yoast_head_json":{"title":"Portant mural Six - Hi Retail","description":"Portant mural Six Ligne 6 \u00c9l\u00e9ment mural avec barre de penderie et \u00e9tag\u00e8re","robots":{"index":"index","follow":"follow","max-snippet":"max-snippet:-1","max-image-preview":"max-image-preview:large","max-video-preview":"max-video-preview:-1"},"canonical":"https:\/\/hiretail.brugnottogroup.it\/fr\/product\/elemento-a-parete-sei-6pa2","og_locale":"fr_FR","og_type":"article","og_title":"Portant mural Six - Hi Retail","og_description":"Portant mural Six Ligne 6 \u00c9l\u00e9ment mural avec barre de penderie et \u00e9tag\u00e8re","og_url":"https:\/\/hiretail.brugnottogroup.it\/fr\/product\/elemento-a-parete-sei-6pa2","og_site_name":"Hi Retail","article_publisher":"https:\/\/www.facebook.com\/brugnottohiretail","article_modified_time":"2021-03-19T16:30:46+00:00","og_image":[{"width":1920,"height":1200,"url":"https:\/\/hiretail.brugnottogroup.it\/wp-content\/uploads\/2018\/09\/6PA2-A-01.jpg","type":"image\/jpeg"}],"twitter_card":"summary_large_image","schema":{"@context":"https:\/\/schema.org","@graph":[{"@type":"WebPage","@id":"https:\/\/hiretail.brugnottogroup.it\/fr\/product\/elemento-a-parete-sei-6pa2","url":"https:\/\/hiretail.brugnottogroup.it\/fr\/product\/elemento-a-parete-sei-6pa2","name":"Portant mural Six - Hi Retail","isPartOf":{"@id":"https:\/\/hiretail.brugnottogroup.it\/#website"},"primaryImageOfPage":{"@id":"https:\/\/hiretail.brugnottogroup.it\/fr\/product\/elemento-a-parete-sei-6pa2#primaryimage"},"image":{"@id":"https:\/\/hiretail.brugnottogroup.it\/fr\/product\/elemento-a-parete-sei-6pa2#primaryimage"},"thumbnailUrl":"https:\/\/hiretail.brugnottogroup.it\/wp-content\/uploads\/2018\/09\/6PA2-A-01.jpg","datePublished":"2018-09-04T16:02:02+00:00","dateModified":"2021-03-19T16:30:46+00:00","description":"Portant mural Six Ligne 6 \u00c9l\u00e9ment mural avec barre de penderie et \u00e9tag\u00e8re","breadcrumb":{"@id":"https:\/\/hiretail.brugnottogroup.it\/fr\/product\/elemento-a-parete-sei-6pa2#breadcrumb"},"inLanguage":"fr-FR","potentialAction":[{"@type":"ReadAction","target":["https:\/\/hiretail.brugnottogroup.it\/fr\/product\/elemento-a-parete-sei-6pa2"]}]},{"@type":"ImageObject","inLanguage":"fr-FR","@id":"https:\/\/hiretail.brugnottogroup.it\/fr\/product\/elemento-a-parete-sei-6pa2#primaryimage","url":"https:\/\/hiretail.brugnottogroup.it\/wp-content\/uploads\/2018\/09\/6PA2-A-01.jpg","contentUrl":"https:\/\/hiretail.brugnottogroup.it\/wp-content\/uploads\/2018\/09\/6PA2-A-01.jpg","width":1920,"height":1200},{"@type":"BreadcrumbList","@id":"https:\/\/hiretail.brugnottogroup.it\/fr\/product\/elemento-a-parete-sei-6pa2#breadcrumb","itemListElement":[{"@type":"ListItem","position":1,"name":"Home","item":"https:\/\/hiretail.brugnottogroup.it\/fr\/home"},{"@type":"ListItem","position":2,"name":"Shop","item":"https:\/\/hiretail.brugnottogroup.it\/shop"},{"@type":"ListItem","position":3,"name":"Portant mural Six"}]},{"@type":"WebSite","@id":"https:\/\/hiretail.brugnottogroup.it\/#website","url":"https:\/\/hiretail.brugnottogroup.it\/","name":"Hi Retail - Brugnotto Group","description":"Agencement de magasin personnalis\u00e9","publisher":{"@id":"https:\/\/hiretail.brugnottogroup.it\/#organization"},"potentialAction":[{"@type":"SearchAction","target":{"@type":"EntryPoint","urlTemplate":"https:\/\/hiretail.brugnottogroup.it\/?s={search_term_string}"},"query-input":{"@type":"PropertyValueSpecification","valueRequired":true,"valueName":"search_term_string"}}],"inLanguage":"fr-FR"},{"@type":"Organization","@id":"https:\/\/hiretail.brugnottogroup.it\/#organization","name":"Hi Retail - Brugnotto Group","url":"https:\/\/hiretail.brugnottogroup.it\/","logo":{"@type":"ImageObject","inLanguage":"fr-FR","@id":"https:\/\/hiretail.brugnottogroup.it\/#\/schema\/logo\/image\/","url":"https:\/\/hiretail.brugnottogroup.it\/wp-content\/uploads\/2020\/10\/diamante-retail.png","contentUrl":"https:\/\/hiretail.brugnottogroup.it\/wp-content\/uploads\/2020\/10\/diamante-retail.png","width":600,"height":600,"caption":"Hi Retail - Brugnotto Group"},"image":{"@id":"https:\/\/hiretail.brugnottogroup.it\/#\/schema\/logo\/image\/"},"sameAs":["https:\/\/www.facebook.com\/brugnottohiretail","https:\/\/www.instagram.com\/hiretail_brugnotto\/","https:\/\/www.linkedin.com\/showcase\/hiretail","https:\/\/www.youtube.com\/channel\/UCbrpwQiPdUxRSgNX3zE7Hag"]}]}},"_links":{"self":[{"href":"https:\/\/hiretail.brugnottogroup.it\/fr\/wp-json\/wp\/v2\/product\/3738","targetHints":{"allow":["GET"]}}],"collection":[{"href":"https:\/\/hiretail.brugnottogroup.it\/fr\/wp-json\/wp\/v2\/product"}],"about":[{"href":"https:\/\/hiretail.brugnottogroup.it\/fr\/wp-json\/wp\/v2\/types\/product"}],"replies":[{"embeddable":true,"href":"https:\/\/hiretail.brugnottogroup.it\/fr\/wp-json\/wp\/v2\/comments?post=3738"}],"version-history":[{"count":1,"href":"https:\/\/hiretail.brugnottogroup.it\/fr\/wp-json\/wp\/v2\/product\/3738\/revisions"}],"predecessor-version":[{"id":10208,"href":"https:\/\/hiretail.brugnottogroup.it\/fr\/wp-json\/wp\/v2\/product\/3738\/revisions\/10208"}],"wp:featuredmedia":[{"embeddable":true,"href":"https:\/\/hiretail.brugnottogroup.it\/fr\/wp-json\/wp\/v2\/media\/3739"}],"wp:attachment":[{"href":"https:\/\/hiretail.brugnottogroup.it\/fr\/wp-json\/wp\/v2\/media?parent=3738"}],"wp:term":[{"taxonomy":"product_brand","embeddable":true,"href":"https:\/\/hiretail.brugnottogroup.it\/fr\/wp-json\/wp\/v2\/product_brand?post=3738"},{"taxonomy":"product_cat","embeddable":true,"href":"https:\/\/hiretail.brugnottogroup.it\/fr\/wp-json\/wp\/v2\/product_cat?post=3738"},{"taxonomy":"product_tag","embeddable":true,"href":"https:\/\/hiretail.brugnottogroup.it\/fr\/wp-json\/wp\/v2\/product_tag?post=3738"}],"curies":[{"name":"wp","href":"https:\/\/api.w.org\/{rel}","templated":true}]}}