{"id":3426,"date":"2018-08-22T14:49:51","date_gmt":"2018-08-22T12:49:51","guid":{"rendered":"https:\/\/hiretail.brugnottogroup.it\/terms-and-conditions"},"modified":"2019-06-13T15:07:18","modified_gmt":"2019-06-13T13:07:18","slug":"modalites-et-conditions","status":"publish","type":"page","link":"https:\/\/hiretail.brugnottogroup.it\/fr\/modalites-et-conditions","title":{"rendered":"Modalit\u00e9s et conditions"},"content":{"rendered":"<h2>MODALIT\u00c9S ET CONDITIONS<\/h2>\n<p>Livraison : FCA (EX WORKS) Zenson di Piave pour Incoterms \u00ae 2010.<br \/>\nLes marchandises voyagent aux risques et p\u00e9rils du destinataire.<br \/>\nLes litiges concernant les marchandises doivent \u00eatre re\u00e7us dans les 7 jours suivant la livraison par le Transporteur.<br \/>\nLes retours ne seront pas accept\u00e9s sauf autorisation du si\u00e8ge social.<br \/>\nBrugnotto srl se r\u00e9serve le droit d&rsquo;apporter des modifications et des am\u00e9liorations \u00e0 ses produits sans pr\u00e9avis, sans pr\u00e9judice des caract\u00e9ristiques essentielles des mod\u00e8les d\u00e9crits.<br \/>\nLes tarifs peuvent contenir des erreurs d\u2019impression.<br \/>\nNous nous en excusons \u00e0 l&rsquo;avance et vous informons que les corrections \u00e9ventuelles seront indiqu\u00e9es dans le devis \/ confirmation de commande.<br \/>\nLe tribunal de Tr\u00e9vise sera le seul comp\u00e9tent en cas de litige.<\/p>\n<h2>EMBALLAGE<\/h2>\n<p>Les marchandises sont exp\u00e9di\u00e9es que sur palettes.<br \/>\nPour les commandes de moins de 500,00 \u20ac net, les frais d&#8217;emballage seront factur\u00e9s.<br \/>\nLes emballages particuliers sont factur\u00e9s (caisses en bois, protection suppl\u00e9mentaire, palettes fumig\u00e9es selon la norme NIMP15, ect\u2026).<\/p>\n<h2>ARTICLES SUR MESURE<\/h2>\n<p>Tout article fait sur mesure ou toute variation de taille par rapport \u00e0 la norme fera l&rsquo;objet d&rsquo;un devis.<\/p>\n","protected":false},"excerpt":{"rendered":"<p>MODALIT\u00c9S ET CONDITIONS Livraison : FCA (EX WORKS) Zenson di Piave pour Incoterms \u00ae 2010. Les marchandises voyagent aux risques et p\u00e9rils du destinataire. Les litiges concernant les marchandises doivent \u00eatre re\u00e7us dans les 7 jours suivant la livraison par le Transporteur. Les retours ne seront pas accept\u00e9s sauf autorisation du si\u00e8ge social. Brugnotto srl[&#8230;..]<\/p>\n","protected":false},"author":1,"featured_media":0,"parent":0,"menu_order":0,"comment_status":"closed","ping_status":"closed","template":"","meta":{"content-type":"","footnotes":""},"class_list":["post-3426","page","type-page","status-publish","hentry"],"acf":[],"yoast_head":"<!-- This site is optimized with the Yoast SEO plugin v27.4 - https:\/\/yoast.com\/product\/yoast-seo-wordpress\/ -->\n<title>Modalit\u00e9s et conditions - Hi Retail<\/title>\n<meta name=\"robots\" content=\"index, follow, max-snippet:-1, max-image-preview:large, max-video-preview:-1\" \/>\n<link rel=\"canonical\" href=\"https:\/\/hiretail.brugnottogroup.it\/fr\/modalites-et-conditions\" class=\"yoast-seo-meta-tag\" \/>\n<meta property=\"og:locale\" content=\"fr_FR\" class=\"yoast-seo-meta-tag\" \/>\n<meta property=\"og:type\" content=\"article\" class=\"yoast-seo-meta-tag\" \/>\n<meta property=\"og:title\" content=\"Modalit\u00e9s et conditions - Hi Retail\" class=\"yoast-seo-meta-tag\" \/>\n<meta property=\"og:description\" content=\"MODALIT\u00c9S ET CONDITIONS Livraison : FCA (EX WORKS) Zenson di Piave pour Incoterms \u00ae 2010. Les marchandises voyagent aux risques et p\u00e9rils du destinataire. Les litiges concernant les marchandises doivent \u00eatre re\u00e7us dans les 7 jours suivant la livraison par le Transporteur. Les retours ne seront pas accept\u00e9s sauf autorisation du si\u00e8ge social. Brugnotto srl[.....]\" class=\"yoast-seo-meta-tag\" \/>\n<meta property=\"og:url\" content=\"https:\/\/hiretail.brugnottogroup.it\/fr\/modalites-et-conditions\" class=\"yoast-seo-meta-tag\" \/>\n<meta property=\"og:site_name\" content=\"Hi Retail\" class=\"yoast-seo-meta-tag\" \/>\n<meta property=\"article:publisher\" content=\"https:\/\/www.facebook.com\/brugnottohiretail\" class=\"yoast-seo-meta-tag\" \/>\n<meta property=\"article:modified_time\" content=\"2019-06-13T13:07:18+00:00\" class=\"yoast-seo-meta-tag\" \/>\n<meta property=\"og:image\" content=\"https:\/\/hiretail.brugnottogroup.it\/wp-content\/uploads\/2020\/10\/diamante-retail.jpg\" class=\"yoast-seo-meta-tag\" \/>\n\t<meta property=\"og:image:width\" content=\"600\" class=\"yoast-seo-meta-tag\" \/>\n\t<meta property=\"og:image:height\" content=\"600\" class=\"yoast-seo-meta-tag\" \/>\n\t<meta property=\"og:image:type\" content=\"image\/jpeg\" class=\"yoast-seo-meta-tag\" \/>\n<meta name=\"twitter:card\" content=\"summary_large_image\" class=\"yoast-seo-meta-tag\" \/>\n<meta name=\"twitter:label1\" content=\"Dur\u00e9e de lecture estim\u00e9e\" class=\"yoast-seo-meta-tag\" \/>\n\t<meta name=\"twitter:data1\" content=\"1 minute\" class=\"yoast-seo-meta-tag\" \/>\n<script type=\"application\/ld+json\" class=\"yoast-schema-graph\">{\"@context\":\"https:\\\/\\\/schema.org\",\"@graph\":[{\"@type\":\"WebPage\",\"@id\":\"https:\\\/\\\/hiretail.brugnottogroup.it\\\/fr\\\/modalites-et-conditions\",\"url\":\"https:\\\/\\\/hiretail.brugnottogroup.it\\\/fr\\\/modalites-et-conditions\",\"name\":\"Modalit\u00e9s et conditions - Hi Retail\",\"isPartOf\":{\"@id\":\"https:\\\/\\\/hiretail.brugnottogroup.it\\\/#website\"},\"datePublished\":\"2018-08-22T12:49:51+00:00\",\"dateModified\":\"2019-06-13T13:07:18+00:00\",\"breadcrumb\":{\"@id\":\"https:\\\/\\\/hiretail.brugnottogroup.it\\\/fr\\\/modalites-et-conditions#breadcrumb\"},\"inLanguage\":\"fr-FR\",\"potentialAction\":[{\"@type\":\"ReadAction\",\"target\":[\"https:\\\/\\\/hiretail.brugnottogroup.it\\\/fr\\\/modalites-et-conditions\"]}]},{\"@type\":\"BreadcrumbList\",\"@id\":\"https:\\\/\\\/hiretail.brugnottogroup.it\\\/fr\\\/modalites-et-conditions#breadcrumb\",\"itemListElement\":[{\"@type\":\"ListItem\",\"position\":1,\"name\":\"Home\",\"item\":\"https:\\\/\\\/hiretail.brugnottogroup.it\\\/fr\\\/home\"},{\"@type\":\"ListItem\",\"position\":2,\"name\":\"Modalit\u00e9s et conditions\"}]},{\"@type\":\"WebSite\",\"@id\":\"https:\\\/\\\/hiretail.brugnottogroup.it\\\/#website\",\"url\":\"https:\\\/\\\/hiretail.brugnottogroup.it\\\/\",\"name\":\"Hi Retail - Brugnotto Group\",\"description\":\"Agencement de magasin personnalis\u00e9\",\"publisher\":{\"@id\":\"https:\\\/\\\/hiretail.brugnottogroup.it\\\/#organization\"},\"potentialAction\":[{\"@type\":\"SearchAction\",\"target\":{\"@type\":\"EntryPoint\",\"urlTemplate\":\"https:\\\/\\\/hiretail.brugnottogroup.it\\\/?s={search_term_string}\"},\"query-input\":{\"@type\":\"PropertyValueSpecification\",\"valueRequired\":true,\"valueName\":\"search_term_string\"}}],\"inLanguage\":\"fr-FR\"},{\"@type\":\"Organization\",\"@id\":\"https:\\\/\\\/hiretail.brugnottogroup.it\\\/#organization\",\"name\":\"Hi Retail - Brugnotto Group\",\"url\":\"https:\\\/\\\/hiretail.brugnottogroup.it\\\/\",\"logo\":{\"@type\":\"ImageObject\",\"inLanguage\":\"fr-FR\",\"@id\":\"https:\\\/\\\/hiretail.brugnottogroup.it\\\/#\\\/schema\\\/logo\\\/image\\\/\",\"url\":\"https:\\\/\\\/hiretail.brugnottogroup.it\\\/wp-content\\\/uploads\\\/2020\\\/10\\\/diamante-retail.png\",\"contentUrl\":\"https:\\\/\\\/hiretail.brugnottogroup.it\\\/wp-content\\\/uploads\\\/2020\\\/10\\\/diamante-retail.png\",\"width\":600,\"height\":600,\"caption\":\"Hi Retail - Brugnotto Group\"},\"image\":{\"@id\":\"https:\\\/\\\/hiretail.brugnottogroup.it\\\/#\\\/schema\\\/logo\\\/image\\\/\"},\"sameAs\":[\"https:\\\/\\\/www.facebook.com\\\/brugnottohiretail\",\"https:\\\/\\\/www.instagram.com\\\/hiretail_brugnotto\\\/\",\"https:\\\/\\\/www.linkedin.com\\\/showcase\\\/hiretail\",\"https:\\\/\\\/www.youtube.com\\\/channel\\\/UCbrpwQiPdUxRSgNX3zE7Hag\"]}]}<\/script>\n<!-- \/ Yoast SEO plugin. -->","yoast_head_json":{"title":"Modalit\u00e9s et conditions - Hi Retail","robots":{"index":"index","follow":"follow","max-snippet":"max-snippet:-1","max-image-preview":"max-image-preview:large","max-video-preview":"max-video-preview:-1"},"canonical":"https:\/\/hiretail.brugnottogroup.it\/fr\/modalites-et-conditions","og_locale":"fr_FR","og_type":"article","og_title":"Modalit\u00e9s et conditions - Hi Retail","og_description":"MODALIT\u00c9S ET CONDITIONS Livraison : FCA (EX WORKS) Zenson di Piave pour Incoterms \u00ae 2010. Les marchandises voyagent aux risques et p\u00e9rils du destinataire. Les litiges concernant les marchandises doivent \u00eatre re\u00e7us dans les 7 jours suivant la livraison par le Transporteur. Les retours ne seront pas accept\u00e9s sauf autorisation du si\u00e8ge social. Brugnotto srl[.....]","og_url":"https:\/\/hiretail.brugnottogroup.it\/fr\/modalites-et-conditions","og_site_name":"Hi Retail","article_publisher":"https:\/\/www.facebook.com\/brugnottohiretail","article_modified_time":"2019-06-13T13:07:18+00:00","og_image":[{"width":600,"height":600,"url":"https:\/\/hiretail.brugnottogroup.it\/wp-content\/uploads\/2020\/10\/diamante-retail.jpg","type":"image\/jpeg"}],"twitter_card":"summary_large_image","twitter_misc":{"Dur\u00e9e de lecture estim\u00e9e":"1 minute"},"schema":{"@context":"https:\/\/schema.org","@graph":[{"@type":"WebPage","@id":"https:\/\/hiretail.brugnottogroup.it\/fr\/modalites-et-conditions","url":"https:\/\/hiretail.brugnottogroup.it\/fr\/modalites-et-conditions","name":"Modalit\u00e9s et conditions - Hi Retail","isPartOf":{"@id":"https:\/\/hiretail.brugnottogroup.it\/#website"},"datePublished":"2018-08-22T12:49:51+00:00","dateModified":"2019-06-13T13:07:18+00:00","breadcrumb":{"@id":"https:\/\/hiretail.brugnottogroup.it\/fr\/modalites-et-conditions#breadcrumb"},"inLanguage":"fr-FR","potentialAction":[{"@type":"ReadAction","target":["https:\/\/hiretail.brugnottogroup.it\/fr\/modalites-et-conditions"]}]},{"@type":"BreadcrumbList","@id":"https:\/\/hiretail.brugnottogroup.it\/fr\/modalites-et-conditions#breadcrumb","itemListElement":[{"@type":"ListItem","position":1,"name":"Home","item":"https:\/\/hiretail.brugnottogroup.it\/fr\/home"},{"@type":"ListItem","position":2,"name":"Modalit\u00e9s et conditions"}]},{"@type":"WebSite","@id":"https:\/\/hiretail.brugnottogroup.it\/#website","url":"https:\/\/hiretail.brugnottogroup.it\/","name":"Hi Retail - Brugnotto Group","description":"Agencement de magasin personnalis\u00e9","publisher":{"@id":"https:\/\/hiretail.brugnottogroup.it\/#organization"},"potentialAction":[{"@type":"SearchAction","target":{"@type":"EntryPoint","urlTemplate":"https:\/\/hiretail.brugnottogroup.it\/?s={search_term_string}"},"query-input":{"@type":"PropertyValueSpecification","valueRequired":true,"valueName":"search_term_string"}}],"inLanguage":"fr-FR"},{"@type":"Organization","@id":"https:\/\/hiretail.brugnottogroup.it\/#organization","name":"Hi Retail - Brugnotto Group","url":"https:\/\/hiretail.brugnottogroup.it\/","logo":{"@type":"ImageObject","inLanguage":"fr-FR","@id":"https:\/\/hiretail.brugnottogroup.it\/#\/schema\/logo\/image\/","url":"https:\/\/hiretail.brugnottogroup.it\/wp-content\/uploads\/2020\/10\/diamante-retail.png","contentUrl":"https:\/\/hiretail.brugnottogroup.it\/wp-content\/uploads\/2020\/10\/diamante-retail.png","width":600,"height":600,"caption":"Hi Retail - Brugnotto Group"},"image":{"@id":"https:\/\/hiretail.brugnottogroup.it\/#\/schema\/logo\/image\/"},"sameAs":["https:\/\/www.facebook.com\/brugnottohiretail","https:\/\/www.instagram.com\/hiretail_brugnotto\/","https:\/\/www.linkedin.com\/showcase\/hiretail","https:\/\/www.youtube.com\/channel\/UCbrpwQiPdUxRSgNX3zE7Hag"]}]}},"_links":{"self":[{"href":"https:\/\/hiretail.brugnottogroup.it\/fr\/wp-json\/wp\/v2\/pages\/3426","targetHints":{"allow":["GET"]}}],"collection":[{"href":"https:\/\/hiretail.brugnottogroup.it\/fr\/wp-json\/wp\/v2\/pages"}],"about":[{"href":"https:\/\/hiretail.brugnottogroup.it\/fr\/wp-json\/wp\/v2\/types\/page"}],"author":[{"embeddable":true,"href":"https:\/\/hiretail.brugnottogroup.it\/fr\/wp-json\/wp\/v2\/users\/1"}],"replies":[{"embeddable":true,"href":"https:\/\/hiretail.brugnottogroup.it\/fr\/wp-json\/wp\/v2\/comments?post=3426"}],"version-history":[{"count":3,"href":"https:\/\/hiretail.brugnottogroup.it\/fr\/wp-json\/wp\/v2\/pages\/3426\/revisions"}],"predecessor-version":[{"id":3909,"href":"https:\/\/hiretail.brugnottogroup.it\/fr\/wp-json\/wp\/v2\/pages\/3426\/revisions\/3909"}],"wp:attachment":[{"href":"https:\/\/hiretail.brugnottogroup.it\/fr\/wp-json\/wp\/v2\/media?parent=3426"}],"curies":[{"name":"wp","href":"https:\/\/api.w.org\/{rel}","templated":true}]}}